{"id":1050,"date":"2024-01-12T06:38:40","date_gmt":"2024-01-12T06:38:40","guid":{"rendered":"http:\/\/uamoreni.ro\/?page_id=1050"},"modified":"2025-09-09T10:08:56","modified_gmt":"2025-09-09T10:08:56","slug":"documente-2024","status":"publish","type":"page","link":"http:\/\/uamoreni.ro\/en\/documente-2024\/","title":{"rendered":"Documente 2024"},"content":{"rendered":"<p><a href=\"http:\/\/uamoreni.ro.c50.previewmysite.eu\/wp-content\/uploads\/2024\/02\/Hotararile-AGA-nr.1-si-nr.2-11.01.2024.pdf\" target=\"_blank\" rel=\"noreferrer noopener\">Hot\u0103r\u00e2rea AGA nr. 1 \u0219i 2<\/a><\/p><p><a href=\"http:\/\/uamoreni.ro.c50.previewmysite.eu\/wp-content\/uploads\/2024\/02\/Hotararea-nr.3-AGA-17012024.pdf\" target=\"_blank\" rel=\"noreferrer noopener\">Hot\u0103r\u00e2rea AGA nr. 3<\/a><\/p><p><a href=\"http:\/\/uamoreni.ro.c50.previewmysite.eu\/wp-content\/uploads\/2024\/02\/Hotararea-nr.4-AGA-16022024.pdf\" target=\"_blank\" rel=\"noreferrer noopener\">Hot\u0103r\u00e2rea AGA nr. 4<\/a><\/p><p><a href=\"http:\/\/uamoreni.ro.c50.previewmysite.eu\/wp-content\/uploads\/2024\/03\/Hotararile-nr.5-si-6-AGA11032024.pdf\" target=\"_blank\" rel=\"noreferrer noopener\">Hot\u0103r\u00e2rea AGA nr. 5 \u0219i 6<\/a><\/p><p><a href=\"http:\/\/uamoreni.ro.c50.previewmysite.eu\/wp-content\/uploads\/2024\/05\/Hotararea-nr.7-AGA-24052024.pdf\" data-type=\"attachment\" data-id=\"1120\" target=\"_blank\" rel=\"noreferrer noopener\">Hot\u0103r\u00e2rea AGA nr.7<\/a> <\/p><p><a href=\"http:\/\/uamoreni.ro.c50.previewmysite.eu\/wp-content\/uploads\/2024\/06\/Hotararea-8-si-9.pdf\" target=\"_blank\" rel=\"noreferrer noopener\">Hot\u0103r\u00e2rea AGA nr. 8 \u0219i 9<\/a><\/p><p><a href=\"https:\/\/drive.google.com\/file\/d\/1B2je-xKxSKG8aI9lMsn5w-uCjMJsGh9v\/view?usp=sharing\" target=\"_blank\" rel=\"noreferrer noopener\">Hot\u0103r\u00e2rea AGA nr. 10<\/a><\/p><p><a href=\"https:\/\/drive.google.com\/file\/d\/1glajNFnHH1f-mXv9zgQ37sQMveqr4tUW\/view?usp=sharing\" target=\"_blank\" rel=\"noreferrer noopener\">Hot\u0103r\u00e2rea AGA nr. 11<\/a><\/p><p><a href=\"https:\/\/drive.google.com\/file\/d\/1xq6E2Yyokc6noV9dnkXkIkk3dn5QBVHc\/view?usp=sharing\" target=\"_blank\" rel=\"noreferrer noopener\"><\/a><a href=\"http:\/\/uamoreni.ro.c50.previewmysite.eu\/wp-content\/uploads\/2025\/02\/raport_remuneratii2024.pdf\" target=\"_blank\" rel=\"noreferrer noopener\">Raport cu privire la remunera\u021biile \u0219i alte avantaje acordate administratorilor \u0219i directorilor \u00een cursul anului financiar 2024<\/a><\/p>","protected":false},"excerpt":{"rendered":"<p>Hot\u0103r\u00e2rea AGA nr. 1 \u0219i 2 Hot\u0103r\u00e2rea AGA nr. 3 Hot\u0103r\u00e2rea AGA nr. 4 Hot\u0103r\u00e2rea AGA nr. 5 \u0219i 6 Hot\u0103r\u00e2rea AGA nr.7 Hot\u0103r\u00e2rea AGA nr. 8 \u0219i 9 Hot\u0103r\u00e2rea AGA nr. 10 Hot\u0103r\u00e2rea AGA nr. 11 Raport cu privire la remunera\u021biile \u0219i alte avantaje acordate administratorilor \u0219i directorilor \u00een cursul anului financiar 2024<\/p>","protected":false},"author":1,"featured_media":0,"parent":0,"menu_order":0,"comment_status":"closed","ping_status":"closed","template":"","meta":{"_regular_price":[],"currency_symbol":[],"footnotes":""},"class_list":["post-1050","page","type-page","status-publish","hentry"],"post_slider_layout_featured_media_urls":{"thumbnail":"","post_slider_layout_landscape_large":"","post_slider_layout_portrait_large":"","post_slider_layout_square_large":"","post_slider_layout_landscape":"","post_slider_layout_portrait":"","post_slider_layout_square":"","full":""},"_links":{"self":[{"href":"http:\/\/uamoreni.ro\/en\/wp-json\/wp\/v2\/pages\/1050","targetHints":{"allow":["GET"]}}],"collection":[{"href":"http:\/\/uamoreni.ro\/en\/wp-json\/wp\/v2\/pages"}],"about":[{"href":"http:\/\/uamoreni.ro\/en\/wp-json\/wp\/v2\/types\/page"}],"author":[{"embeddable":true,"href":"http:\/\/uamoreni.ro\/en\/wp-json\/wp\/v2\/users\/1"}],"replies":[{"embeddable":true,"href":"http:\/\/uamoreni.ro\/en\/wp-json\/wp\/v2\/comments?post=1050"}],"version-history":[{"count":13,"href":"http:\/\/uamoreni.ro\/en\/wp-json\/wp\/v2\/pages\/1050\/revisions"}],"predecessor-version":[{"id":1484,"href":"http:\/\/uamoreni.ro\/en\/wp-json\/wp\/v2\/pages\/1050\/revisions\/1484"}],"wp:attachment":[{"href":"http:\/\/uamoreni.ro\/en\/wp-json\/wp\/v2\/media?parent=1050"}],"curies":[{"name":"wp","href":"https:\/\/api.w.org\/{rel}","templated":true}]}}