{"id":1209,"date":"2024-08-20T05:41:33","date_gmt":"2024-08-20T05:41:33","guid":{"rendered":"http:\/\/uamoreni.ro\/?page_id=1209"},"modified":"2025-06-02T10:24:15","modified_gmt":"2025-06-02T10:24:15","slug":"rapoarte-2024","status":"publish","type":"page","link":"http:\/\/uamoreni.ro\/en\/rapoarte-2024\/","title":{"rendered":"Rapoarte 2024"},"content":{"rendered":"<p><a href=\"http:\/\/uamoreni.ro.c50.previewmysite.eu\/wp-content\/uploads\/2024\/08\/Rapoarte_2024.pdf\" target=\"_blank\" rel=\"noreferrer noopener\">Raportare contabila sem. II 2024<\/a><\/p><p><strong>Situa\u021bii financiare la 31.12.2024<\/strong><\/p><p>     <a href=\"http:\/\/uamoreni.ro.c50.previewmysite.eu\/wp-content\/uploads\/2025\/06\/SitFin2024\/Balanta2024.pdf\" target=\"_blank\" rel=\"noreferrer noopener\">Balan\u021ba 2024<\/a><\/p><p><a href=\"http:\/\/uamoreni.ro.c50.previewmysite.eu\/wp-content\/uploads\/2025\/06\/SitFin2024\/bilant_SC_1224_uam.pdf\" target=\"_blank\" rel=\"noreferrer noopener\">Bilan\u021b 2024<\/a><\/p><p id=\"block-b20d574a-665a-4d0e-8c1c-ed5b3223e57f\"><a href=\"http:\/\/uamoreni.ro.c50.previewmysite.eu\/wp-content\/uploads\/2025\/06\/SitFin2024\/Bilant pag 1.pdf\" target=\"_blank\" rel=\"noreferrer noopener\">Bilan\u021b 2024 pag1<\/a><\/p><p><a href=\"http:\/\/uamoreni.ro.c50.previewmysite.eu\/wp-content\/uploads\/2025\/06\/SitFin2024\/Criterii si obiective de performanta 31.12.2024.pdf\" target=\"_blank\" rel=\"noreferrer noopener\">Criterii si obiective de performanta 31.12.2024<\/a><\/p><p><a href=\"http:\/\/uamoreni.ro.c50.previewmysite.eu\/wp-content\/uploads\/2025\/06\/SitFin2024\/Declaratii 2024.pdf\" target=\"_blank\" rel=\"noreferrer noopener\">Declara\u021bii 2024<\/a><\/p><p><a href=\"http:\/\/uamoreni.ro.c50.previewmysite.eu\/wp-content\/uploads\/2025\/06\/SitFin2024\/Hotarare CA.pdf\" target=\"_blank\" rel=\"noreferrer noopener\">Hot\u0103r\u00e2re CA<\/a><\/p><p><a href=\"http:\/\/uamoreni.ro.c50.previewmysite.eu\/wp-content\/uploads\/2025\/06\/SitFin2024\/Hotararea AGA nr. 3.pdf\" target=\"_blank\" rel=\"noreferrer noopener\">Hot\u0103r\u00e2re AGA nr.3<\/a><\/p><p><a href=\"http:\/\/uamoreni.ro.c50.previewmysite.eu\/wp-content\/uploads\/2025\/06\/SitFin2024\/Nota 1 - Active imobilizate.pdf\" target=\"_blank\" rel=\"noreferrer noopener\">Nota 1 &#8211; Active imobilizate<\/a><\/p><p><a href=\"http:\/\/uamoreni.ro.c50.previewmysite.eu\/wp-content\/uploads\/2025\/06\/SitFin2024\/Nota 2 - Provizioane.pdf\" target=\"_blank\" rel=\"noreferrer noopener\">Nota 2 &#8211; Provizioane<\/a><\/p><p><a href=\"http:\/\/uamoreni.ro.c50.previewmysite.eu\/wp-content\/uploads\/2025\/06\/SitFin2024\/Nota 3 - Repartizarea rezultatului.pdf\" target=\"_blank\" rel=\"noreferrer noopener\">Nota 3 &#8211; Repartizarea rezultatului<\/a><\/p><p><a href=\"http:\/\/uamoreni.ro.c50.previewmysite.eu\/wp-content\/uploads\/2025\/06\/SitFin2024\/Nota 4 - Analiza rezultatului.pdf\" target=\"_blank\" rel=\"noreferrer noopener\">Nota 4 &#8211; Analiza rezultatului<\/a><\/p><p><a href=\"http:\/\/uamoreni.ro.c50.previewmysite.eu\/wp-content\/uploads\/2025\/06\/SitFin2024\/Nota 5 - Situatia creantelor.pdf\" target=\"_blank\" rel=\"noreferrer noopener\">Nota 5 &#8211; Situatia creantelor<\/a><\/p><p><a href=\"http:\/\/uamoreni.ro.c50.previewmysite.eu\/wp-content\/uploads\/2025\/06\/SitFin2024\/Nota 6 - Politici contabile.pdf\" target=\"_blank\" rel=\"noreferrer noopener\">Nota 6 &#8211; Politici contabile<\/a><\/p><p><a href=\"http:\/\/uamoreni.ro.c50.previewmysite.eu\/wp-content\/uploads\/2025\/06\/SitFin2024\/Nota 7 - Participatii si surse de finantare.pdf\" target=\"_blank\" rel=\"noreferrer noopener\">Nota 7 &#8211; Participatii si surse de finantare<\/a><\/p><p><a href=\"http:\/\/uamoreni.ro.c50.previewmysite.eu\/wp-content\/uploads\/2025\/06\/SitFin2024\/Nota 8 - Informatii privind salariatii, administratorii si directorii.pdf\" target=\"_blank\" rel=\"noreferrer noopener\">Nota 8 &#8211; Informatii privind salariatii, administratorii si directoriir<\/a><\/p><p><a href=\"http:\/\/uamoreni.ro.c50.previewmysite.eu\/wp-content\/uploads\/2025\/06\/SitFin2024\/Nota 9 - Indicatori economico-financiari.pdf\" target=\"_blank\" rel=\"noreferrer noopener\">Nota 9 &#8211; Indicatori economico-financiari<\/a><\/p><p><a href=\"http:\/\/uamoreni.ro.c50.previewmysite.eu\/wp-content\/uploads\/2025\/06\/SitFin2024\/Nota 10 - Alte informatii.pdf\" target=\"_blank\" rel=\"noreferrer noopener\">Nota 10 &#8211; Alte informatiior<\/a><\/p><p><a href=\"http:\/\/uamoreni.ro.c50.previewmysite.eu\/wp-content\/uploads\/2025\/06\/SitFin2024\/Propunere de acoperire a pierderii.pdf\" target=\"_blank\" rel=\"noreferrer noopener\">Propunere de acoperire a pierderii inregistrate la 31.12.2024<\/a><\/p><p><a href=\"http:\/\/uamoreni.ro.c50.previewmysite.eu\/wp-content\/uploads\/2025\/06\/SitFin2024\/Raportul auditorului TVG TAX.pdf\" target=\"_blank\" rel=\"noreferrer noopener\">Raport Auditorului TVG TAX \u2013 Forma lunga<\/a><\/p><p><a href=\"http:\/\/uamoreni.ro.c50.previewmysite.eu\/wp-content\/uploads\/2025\/06\/SitFin2024\/Raport SCIM.pdf\" target=\"_blank\" rel=\"noreferrer noopener\">Raport SCIM<\/a><\/p><p><a href=\"http:\/\/uamoreni.ro.c50.previewmysite.eu\/wp-content\/uploads\/2025\/06\/SitFin2024\/Raport cu privire la remuneratii.pdf\" target=\"_blank\" rel=\"noreferrer noopener\">Raport cu privire la remuneratii<\/a><\/p><p><a href=\"http:\/\/uamoreni.ro.c50.previewmysite.eu\/wp-content\/uploads\/2025\/06\/SitFin2024\/Raportul administratorilor 2024.pdf\" target=\"_blank\" rel=\"noreferrer noopener\">Raportul administratorilor 2024<\/a><\/p><p><a href=\"http:\/\/uamoreni.ro.c50.previewmysite.eu\/wp-content\/uploads\/2025\/06\/SitFin2024\/Realizarea bugetului de venituri si cheltuieli.pdf\" target=\"_blank\" rel=\"noreferrer noopener\">Realizarea bugetului de venituri si cheltuieli<\/a><\/p><p><a href=\"http:\/\/uamoreni.ro.c50.previewmysite.eu\/wp-content\/uploads\/2025\/06\/SitFin2024\/Situatia fluxurilor de capital.pdf\" target=\"_blank\" rel=\"noreferrer noopener\">Situatia fluxurilor de capital<\/a><\/p><p><a href=\"http:\/\/uamoreni.ro.c50.previewmysite.eu\/wp-content\/uploads\/2025\/06\/SitFin2024\/Situatia modificarii capitalurilor.pdf\" target=\"_blank\" rel=\"noreferrer noopener\">Situatia modificarii capitalurilor<\/a><\/p>","protected":false},"excerpt":{"rendered":"<p>Raportare contabila sem. II 2024 Situa\u021bii financiare la 31.12.2024 Balan\u021ba 2024 Bilan\u021b 2024 Bilan\u021b 2024 pag1 Criterii si obiective de performanta 31.12.2024 Declara\u021bii 2024 Hot\u0103r\u00e2re CA Hot\u0103r\u00e2re AGA nr.3 Nota 1 &#8211; Active imobilizate Nota 2 &#8211; Provizioane Nota 3 &#8211; Repartizarea rezultatului Nota 4 &#8211; Analiza rezultatului Nota 5 &#8211; Situatia creantelor Nota 6 &hellip; <\/p>\n<p class=\"link-more\"><a href=\"http:\/\/uamoreni.ro\/en\/rapoarte-2024\/\" class=\"more-link\">Continue reading<span class=\"screen-reader-text\"> &#8222;Rapoarte 2024&#8221;<\/span><\/a><\/p>","protected":false},"author":1,"featured_media":0,"parent":0,"menu_order":0,"comment_status":"closed","ping_status":"closed","template":"","meta":{"_regular_price":[],"currency_symbol":[],"footnotes":""},"class_list":["post-1209","page","type-page","status-publish","hentry"],"post_slider_layout_featured_media_urls":{"thumbnail":"","post_slider_layout_landscape_large":"","post_slider_layout_portrait_large":"","post_slider_layout_square_large":"","post_slider_layout_landscape":"","post_slider_layout_portrait":"","post_slider_layout_square":"","full":""},"_links":{"self":[{"href":"http:\/\/uamoreni.ro\/en\/wp-json\/wp\/v2\/pages\/1209","targetHints":{"allow":["GET"]}}],"collection":[{"href":"http:\/\/uamoreni.ro\/en\/wp-json\/wp\/v2\/pages"}],"about":[{"href":"http:\/\/uamoreni.ro\/en\/wp-json\/wp\/v2\/types\/page"}],"author":[{"embeddable":true,"href":"http:\/\/uamoreni.ro\/en\/wp-json\/wp\/v2\/users\/1"}],"replies":[{"embeddable":true,"href":"http:\/\/uamoreni.ro\/en\/wp-json\/wp\/v2\/comments?post=1209"}],"version-history":[{"count":15,"href":"http:\/\/uamoreni.ro\/en\/wp-json\/wp\/v2\/pages\/1209\/revisions"}],"predecessor-version":[{"id":1327,"href":"http:\/\/uamoreni.ro\/en\/wp-json\/wp\/v2\/pages\/1209\/revisions\/1327"}],"wp:attachment":[{"href":"http:\/\/uamoreni.ro\/en\/wp-json\/wp\/v2\/media?parent=1209"}],"curies":[{"name":"wp","href":"https:\/\/api.w.org\/{rel}","templated":true}]}}