{"id":1277,"date":"2025-04-15T13:02:34","date_gmt":"2025-04-15T13:02:34","guid":{"rendered":"http:\/\/uamoreni.ro\/?page_id=1277"},"modified":"2025-12-22T12:20:09","modified_gmt":"2025-12-22T12:20:09","slug":"documente-2025","status":"publish","type":"page","link":"http:\/\/uamoreni.ro\/en\/documente-2025\/","title":{"rendered":"Hot\u0103r\u00e2ri AGA"},"content":{"rendered":"<p>Hot\u0103r\u00e2ri AGA &#8211; 2018<\/p><p id=\"block-e21dfd19-a3d6-44ca-b73e-2f0af56c223b\"><a href=\"http:\/\/uamoreni.ro.c50.previewmysite.eu\/wp-content\/uploads\/2022\/12\/Hotararea-AGA-2018.pdf\" target=\"_blank\" rel=\"noreferrer noopener\">Hot\u0103r\u00e2rea AGA nr. 1-9<\/a><\/p><p>Hot\u0103r\u00e2ri AGA &#8211; 2019<\/p><p><a href=\"http:\/\/uamoreni.ro.c50.previewmysite.eu\/wp-content\/uploads\/2022\/12\/Hotararea-AGA-2019.pdf\" target=\"_blank\" rel=\"noreferrer noopener\">Hot\u0103r\u00e2rea AGA nr. 1-8<\/a><\/p><p>Hot\u0103r\u00e2ri AGA &#8211; 2020<\/p><p id=\"block-d9601188-5636-498c-99f8-6f27ce9dd847\"><a href=\"http:\/\/uamoreni.ro.c50.previewmysite.eu\/wp-content\/uploads\/2022\/12\/Hotararea-AGA-2020_1.pdf\" target=\"_blank\" rel=\"noreferrer noopener\">Hot\u0103r\u00e2rea AGA nr. 1-11<\/a><\/p><p>Hot\u0103r\u00e2ri AGA &#8211; 2021<\/p><p><a href=\"http:\/\/uamoreni.ro.c50.previewmysite.eu\/wp-content\/uploads\/2022\/12\/Hotararea-AGA-2021.pdf\" target=\"_blank\" rel=\"noreferrer noopener\">Hot\u0103r\u00e2rea AGA nr. 1-8<\/a><\/p><p>Hot\u0103r\u00e2ri AGA &#8211; 2022<\/p><p><a href=\"http:\/\/uamoreni.ro.c50.previewmysite.eu\/wp-content\/uploads\/2022\/12\/Hotararea-AGA-nr.1-11022022.pdf\" target=\"_blank\" rel=\"noreferrer noopener\">Hot\u0103r\u00e2rea AGA nr. 1<\/a> <\/p><p id=\"block-e42c5611-26e7-45cd-9f2c-b032d1d9211b\"><a href=\"http:\/\/uamoreni.ro.c50.previewmysite.eu\/wp-content\/uploads\/2022\/12\/Hotararea-AGA-nr.2-25022022.pdf\" target=\"_blank\" rel=\"noreferrer noopener\">Hot\u0103r\u00e2rea AGA nr. 2<\/a><\/p><p id=\"block-4d7127a2-f5cc-48e0-89af-09552ac31c2e\"><a href=\"http:\/\/uamoreni.ro.c50.previewmysite.eu\/wp-content\/uploads\/2022\/12\/Hotararea-AGA-nr.3-03052022.pdf\" target=\"_blank\" rel=\"noreferrer noopener\">Hot\u0103r\u00e2rea AGA nr. 3<\/a><\/p><p id=\"block-df2a2076-6d12-412c-becb-98c2ad6104de\"><a href=\"http:\/\/uamoreni.ro.c50.previewmysite.eu\/wp-content\/uploads\/2022\/12\/Hotararea-AGA-nr.4-31052022.pdf\" target=\"_blank\" rel=\"noreferrer noopener\">Hot\u0103r\u00e2rea AGA nr. 4<\/a><\/p><p id=\"block-bce86f12-2826-45d1-b985-1c8c2adc7e82\"><a href=\"http:\/\/uamoreni.ro.c50.previewmysite.eu\/wp-content\/uploads\/2022\/12\/Hotararea-AGA-nr.5-07062022.pdf\" target=\"_blank\" rel=\"noreferrer noopener\">Hot\u0103r\u00e2rea AGA nr. 5<\/a><\/p><p id=\"block-2cfeb158-2247-4447-9e9d-a9dc8127fb44\"><a href=\"http:\/\/uamoreni.ro.c50.previewmysite.eu\/wp-content\/uploads\/2022\/12\/Hotararea-AGA-nr.6-10062022.pdf\" target=\"_blank\" rel=\"noreferrer noopener\">Hot\u0103r\u00e2rea AGA nr. 6<\/a><\/p><p id=\"block-c48ac950-9d59-47ad-b5f1-85267c58e794\"><a href=\"http:\/\/uamoreni.ro.c50.previewmysite.eu\/wp-content\/uploads\/2022\/12\/Hotararea-AGA-nr.7-04072022.pdf\" target=\"_blank\" rel=\"noreferrer noopener\">Hot\u0103r\u00e2rea AGA nr. 7<\/a><\/p><p id=\"block-c57c74a0-a9bd-42e5-8a05-50daae102c74\"><a href=\"http:\/\/uamoreni.ro.c50.previewmysite.eu\/wp-content\/uploads\/2022\/12\/Hotararea-AGA-nr.8-08082022.pdf\" target=\"_blank\" rel=\"noreferrer noopener\">Hot\u0103r\u00e2rea AGA nr. 8<\/a><\/p><p id=\"block-2a32ba9b-e1e9-40ae-9c13-7a773f8b6fdf\"><a href=\"http:\/\/uamoreni.ro.c50.previewmysite.eu\/wp-content\/uploads\/2022\/12\/Hotararea-AGA-nr.11-20122022.pdf\" target=\"_blank\" rel=\"noreferrer noopener\">Hot\u0103r\u00e2rea AGA nr. 11<\/a><\/p><p>Hot\u0103r\u00e2ri AGA &#8211; 2023<\/p><p><a href=\"http:\/\/uamoreni.ro.c50.previewmysite.eu\/wp-content\/uploads\/2024\/02\/Hotararea-AGA-nr.-1-17012023.pdf\" target=\"_blank\" rel=\"noreferrer noopener\">Hot\u0103r\u00e2rea AGA nr. 1<\/a><\/p><p><a href=\"http:\/\/uamoreni.ro.c50.previewmysite.eu\/wp-content\/uploads\/2024\/02\/Hotararea-AGA-nr.-1-17012023.pdf\" target=\"_blank\" rel=\"noreferrer noopener\"><\/a><a href=\"http:\/\/uamoreni.ro.c50.previewmysite.eu\/wp-content\/uploads\/2024\/02\/Hotararea-AGA-nr.-2-22032023.pdf\" target=\"_blank\" rel=\"noreferrer noopener\">Hot\u0103r\u00e2rea AGA nr. 2<\/a><\/p><p><a href=\"http:\/\/uamoreni.ro.c50.previewmysite.eu\/wp-content\/uploads\/2024\/02\/Hotararea-AGA-nr.-3-22032023.pdf\" target=\"_blank\" rel=\"noreferrer noopener\">Hot\u0103r\u00e2rea AGA nr. 3<\/a><\/p><p><a href=\"http:\/\/uamoreni.ro.c50.previewmysite.eu\/wp-content\/uploads\/2024\/02\/Hotararea-AGA-BVC-nr.4-05042023.pdf\" target=\"_blank\" rel=\"noreferrer noopener\">Hot\u0103r\u00e2rea AGA nr. 4<\/a><\/p><p><a href=\"http:\/\/uamoreni.ro.c50.previewmysite.eu\/wp-content\/uploads\/2024\/02\/Hotararea-CA-nr.5-10042023.pdf\" target=\"_blank\" rel=\"noreferrer noopener\">Hot\u0103r\u00e2rea AGA nr. 5 <\/a><\/p><p><a href=\"http:\/\/uamoreni.ro.c50.previewmysite.eu\/wp-content\/uploads\/2024\/02\/Hotararea-nr.6-AGA-23052023.pdf\" target=\"_blank\" rel=\"noreferrer noopener\">Hot\u0103r\u00e2rea AGA nr. 6<\/a><\/p><p><a href=\"http:\/\/uamoreni.ro.c50.previewmysite.eu\/wp-content\/uploads\/2024\/02\/Hotararea-nr.-7.pdf\" target=\"_blank\" rel=\"noreferrer noopener\">Hot\u0103r\u00e2rea AGA nr. 7<\/a><\/p><p><a href=\"http:\/\/uamoreni.ro.c50.previewmysite.eu\/wp-content\/uploads\/2024\/02\/Hotararea-AGA-nr.8-01082023.pdf\" target=\"_blank\" rel=\"noreferrer noopener\">Hot\u0103r\u00e2rea AGA nr. 8<\/a><\/p><p><a href=\"http:\/\/uamoreni.ro.c50.previewmysite.eu\/wp-content\/uploads\/2024\/02\/Hotararea-AGA-nr.9-20102023.pdf\">Hot\u0103r\u00e2rea AGA nr. 9<\/a><\/p><p>Hot\u0103r\u00e2ri AGA &#8211; 2024<\/p><p><a href=\"http:\/\/uamoreni.ro.c50.previewmysite.eu\/wp-content\/uploads\/2024\/02\/Hotararile-AGA-nr.1-si-nr.2-11.01.2024.pdf\" target=\"_blank\" rel=\"noreferrer noopener\">Hot\u0103r\u00e2rea AGA nr. 1 \u0219i 2<\/a><\/p><p><a href=\"http:\/\/uamoreni.ro.c50.previewmysite.eu\/wp-content\/uploads\/2024\/02\/Hotararea-nr.3-AGA-17012024.pdf\" target=\"_blank\" rel=\"noreferrer noopener\">Hot\u0103r\u00e2rea AGA nr. 3<\/a><\/p><p><a href=\"http:\/\/uamoreni.ro.c50.previewmysite.eu\/wp-content\/uploads\/2024\/02\/Hotararea-nr.4-AGA-16022024.pdf\" target=\"_blank\" rel=\"noreferrer noopener\">Hot\u0103r\u00e2rea AGA nr. 4<\/a><\/p><p><a href=\"http:\/\/uamoreni.ro.c50.previewmysite.eu\/wp-content\/uploads\/2024\/03\/Hotararile-nr.5-si-6-AGA11032024.pdf\" target=\"_blank\" rel=\"noreferrer noopener\">Hot\u0103r\u00e2rea AGA nr. 5 si 6<\/a><\/p><p><a href=\"http:\/\/uamoreni.ro.c50.previewmysite.eu\/wp-content\/uploads\/2024\/05\/Hotararea-nr.7-AGA-24052024.pdf\" data-type=\"attachment\" data-id=\"1120\" target=\"_blank\" rel=\"noreferrer noopener\">Hot\u0103r\u00e2rea AGA nr.7<\/a><\/p><p><a href=\"http:\/\/uamoreni.ro.c50.previewmysite.eu\/wp-content\/uploads\/2024\/06\/Hotararea-8-si-9.pdf\" target=\"_blank\" rel=\"noreferrer noopener\">Hot\u0103r\u00e2rea AGA nr. 8 si 9<\/a><\/p><p><a href=\"http:\/\/uamoreni.ro.c50.previewmysite.eu\/wp-content\/uploads\/2024\/09\/Hotararea-AGA-nr.10-19092024.pdf\" target=\"_blank\" rel=\"noreferrer noopener\">Hot\u0103r\u00e2rea AGA nr. 10<\/a><\/p><p><a href=\"http:\/\/uamoreni.ro.c50.previewmysite.eu\/wp-content\/uploads\/2024\/12\/Hotararea-AGA-nr.11-11122024.pdf\" target=\"_blank\" rel=\"noreferrer noopener\">Hot\u0103r\u00e2rea AGA nr. 11<\/a><\/p><p>Hot\u0103r\u00e2ri AGA &#8211; 2025<\/p><p id=\"block-007e29ce-3f7c-4011-81ed-0ee0666c7efe\"><a href=\"http:\/\/uamoreni.ro.c50.previewmysite.eu\/wp-content\/uploads\/2025\/04\/Hotararea-nr.1-AGA-15042025.pdf\" target=\"_blank\" rel=\"noreferrer noopener\">Hot\u0103r\u00e2rea AGA nr. 1 din 15.04.2025<\/a><\/p><p id=\"block-4e1d06c3-0102-4796-971d-a9fa4df6edf5\"><a href=\"http:\/\/uamoreni.ro.c50.previewmysite.eu\/wp-content\/uploads\/2025\/04\/Hotararea-nr.2-AGA-16042025.pdf\" target=\"_blank\" rel=\"noreferrer noopener\">Hot\u0103r\u00e2rea AGA nr. 2 din 16.04.2025<\/a><\/p><p id=\"block-c430b4c4-9f99-471a-91ae-16a4e11864bc\"><a href=\"http:\/\/uamoreni.ro.c50.previewmysite.eu\/wp-content\/uploads\/2025\/05\/Hotararea-nr.3-AGA-22052025.pdf\" target=\"_blank\" rel=\"noreferrer noopener\">Hot\u0103r\u00e2rea AGA nr. 3 din 22.05.2025<\/a><\/p><p><a href=\"http:\/\/uamoreni.ro.c50.previewmysite.eu\/wp-content\/uploads\/2025\/09\/Hotararea-nr.4-AGA-12092025.pdf\" target=\"_blank\" rel=\"noreferrer noopener\">Hot\u0103r\u00e2rea AGA nr. 4 din 12.09.2025<\/a><\/p><p><a href=\"http:\/\/uamoreni.ro.c50.previewmysite.eu\/wp-content\/uploads\/2025\/09\/Hotararea-nr.5-AGA-18092025.pdf\" target=\"_blank\" rel=\"noreferrer noopener\">Hot\u0103r\u00e2rea AGA nr. 5 din 15.09.2025<\/a><\/p><p><a href=\"http:\/\/uamoreni.ro.c50.previewmysite.eu\/wp-content\/uploads\/2025\/11\/Hotararea-nr.6-AGA-18122025.pdf\" target=\"_blank\" rel=\"noreferrer noopener\">Hot\u0103r\u00e2rea AGA nr. 6 din 18.12.2025<\/a><\/p>","protected":false},"excerpt":{"rendered":"<p>Hot\u0103r\u00e2ri AGA &#8211; 2018 Hot\u0103r\u00e2rea AGA nr. 1-9 Hot\u0103r\u00e2ri AGA &#8211; 2019 Hot\u0103r\u00e2rea AGA nr. 1-8 Hot\u0103r\u00e2ri AGA &#8211; 2020 Hot\u0103r\u00e2rea AGA nr. 1-11 Hot\u0103r\u00e2ri AGA &#8211; 2021 Hot\u0103r\u00e2rea AGA nr. 1-8 Hot\u0103r\u00e2ri AGA &#8211; 2022 Hot\u0103r\u00e2rea AGA nr. 1 Hot\u0103r\u00e2rea AGA nr. 2 Hot\u0103r\u00e2rea AGA nr. 3 Hot\u0103r\u00e2rea AGA nr. 4 Hot\u0103r\u00e2rea AGA nr. &hellip; <\/p>\n<p class=\"link-more\"><a href=\"http:\/\/uamoreni.ro\/en\/documente-2025\/\" class=\"more-link\">Continue reading<span class=\"screen-reader-text\"> &#8222;Hot\u0103r\u00e2ri AGA&#8221;<\/span><\/a><\/p>","protected":false},"author":1,"featured_media":0,"parent":0,"menu_order":0,"comment_status":"closed","ping_status":"closed","template":"","meta":{"_regular_price":[],"currency_symbol":[],"footnotes":""},"class_list":["post-1277","page","type-page","status-publish","hentry"],"post_slider_layout_featured_media_urls":{"thumbnail":"","post_slider_layout_landscape_large":"","post_slider_layout_portrait_large":"","post_slider_layout_square_large":"","post_slider_layout_landscape":"","post_slider_layout_portrait":"","post_slider_layout_square":"","full":""},"_links":{"self":[{"href":"http:\/\/uamoreni.ro\/en\/wp-json\/wp\/v2\/pages\/1277","targetHints":{"allow":["GET"]}}],"collection":[{"href":"http:\/\/uamoreni.ro\/en\/wp-json\/wp\/v2\/pages"}],"about":[{"href":"http:\/\/uamoreni.ro\/en\/wp-json\/wp\/v2\/types\/page"}],"author":[{"embeddable":true,"href":"http:\/\/uamoreni.ro\/en\/wp-json\/wp\/v2\/users\/1"}],"replies":[{"embeddable":true,"href":"http:\/\/uamoreni.ro\/en\/wp-json\/wp\/v2\/comments?post=1277"}],"version-history":[{"count":43,"href":"http:\/\/uamoreni.ro\/en\/wp-json\/wp\/v2\/pages\/1277\/revisions"}],"predecessor-version":[{"id":1712,"href":"http:\/\/uamoreni.ro\/en\/wp-json\/wp\/v2\/pages\/1277\/revisions\/1712"}],"wp:attachment":[{"href":"http:\/\/uamoreni.ro\/en\/wp-json\/wp\/v2\/media?parent=1277"}],"curies":[{"name":"wp","href":"https:\/\/api.w.org\/{rel}","templated":true}]}}