{"id":1336,"date":"2025-08-04T10:07:11","date_gmt":"2025-08-04T10:07:11","guid":{"rendered":"http:\/\/uamoreni.ro\/?page_id=1336"},"modified":"2025-09-26T10:51:58","modified_gmt":"2025-09-26T10:51:58","slug":"declaratii-de-avere-si-interese-2025","status":"publish","type":"page","link":"http:\/\/uamoreni.ro\/en\/declaratii-de-avere-si-interese-2025\/","title":{"rendered":"Declaratii de avere si interese 2025"},"content":{"rendered":"<p>Pre\u0219edinte Consiliu de Administra\u021bie <a href=\"http:\/\/uamoreni.ro.c50.previewmysite.eu\/wp-content\/uploads\/2025\/08\/DADI2025_MischieGHDumitru.pdf\" target=\"_blank\" rel=\"noreferrer noopener\">MISCHIE G.H. DUMITRU<\/a><\/p><p>Administrator special <a href=\"http:\/\/uamoreni.ro.c50.previewmysite.eu\/wp-content\/uploads\/2025\/08\/DADI2025_DinuLaurentiuGeorge.pdf\" target=\"_blank\" rel=\"noreferrer noopener\">DINU LAUREN\u021aIU GEORGE<\/a><\/p><p>Membru Consiliu de Administra\u021bie <a href=\"http:\/\/uamoreni.ro.c50.previewmysite.eu\/wp-content\/uploads\/2025\/08\/DADI2025_StanAnca-Maria.pdf\">STAN ANCA-MARIA<\/a><\/p><p>Membru Consiliu de Administra\u021bie <a href=\"http:\/\/uamoreni.ro.c50.previewmysite.eu\/wp-content\/uploads\/2025\/08\/DADI2025_PopaIoana.pdf\" target=\"_blank\" rel=\"noreferrer noopener\">POPA V. IOANA<\/a><\/p><p>General Manager <a href=\"http:\/\/uamoreni.ro.c50.previewmysite.eu\/wp-content\/uploads\/2025\/08\/DADI2025_OpreaAlexandru.pdf\" target=\"_blank\" rel=\"noreferrer noopener\">DR. JR. OPREA ALEXANDRU<\/a><\/p><p>Technical Manager <a href=\"http:\/\/uamoreni.ro.c50.previewmysite.eu\/wp-content\/uploads\/2025\/08\/DADI2025_ManuIoan.pdf\" target=\"_blank\" rel=\"noreferrer noopener\">MANU IOAN<\/a><\/p><p>Economic Manager <a href=\"http:\/\/uamoreni.ro.c50.previewmysite.eu\/wp-content\/uploads\/2025\/08\/DADI2025_NitoiuGabriela.pdf\" target=\"_blank\" rel=\"noreferrer noopener\">NITOIU I. GABRIELA<\/a><\/p><p>Commercial Director <a href=\"http:\/\/uamoreni.ro.c50.previewmysite.eu\/wp-content\/uploads\/2024\/06\/Declaratie-avere-si-interese-Florescu-I.-Alexandru-Ioan.pdf\" target=\"_blank\" rel=\"noreferrer noopener\">FLORESCU I. ALEXANDRU-IOAN<\/a><\/p><p>Inginer \u0218ef C\u0103l\u0103ra\u0219u Gabriela <a href=\"http:\/\/uamoreni.ro.c50.previewmysite.eu\/wp-content\/uploads\/2025\/09\/DADI2025\/DA2025-Calarasu_Gabriela.pdf\" target=\"_blank\" rel=\"noreferrer noopener\">Declaratie de avere<\/a> <a href=\"http:\/\/uamoreni.ro.c50.previewmysite.eu\/wp-content\/uploads\/2025\/09\/DADI2025\/DI2025-Calarasu_Gabriela.pdf\" data-type=\"link\" data-id=\"http:\/\/uamoreni.ro.c50.previewmysite.eu\/wp-content\/uploads\/2025\/09\/DI2025-Nitoiu_Valentin\" target=\"_blank\" rel=\"noreferrer noopener\">Declaratie de interese<\/a><\/p><p>Inginer \u0218ef Stanciu Constantin Cristian <a href=\"http:\/\/uamoreni.ro.c50.previewmysite.eu\/wp-content\/uploads\/2025\/09\/DADI2025\/DA2025-Stanciu_Cristian.pdf\" target=\"_blank\" rel=\"noreferrer noopener\">Declaratie de avere<\/a> <a href=\"http:\/\/uamoreni.ro.c50.previewmysite.eu\/wp-content\/uploads\/2025\/09\/DADI2025\/DA2025-Stanciu_Cristian.pdf\" target=\"_blank\" rel=\"noreferrer noopener\">Declaratie de interese<\/a><\/p><p>\u0218ef Sec\u021bie Ni\u021boiu Valentin <a href=\"http:\/\/uamoreni.ro.c50.previewmysite.eu\/wp-content\/uploads\/2025\/09\/DA2025-Nitoiu_Valentin.pdf\" target=\"_blank\" rel=\"noreferrer noopener\">Declaratie de avere<\/a> <a href=\"http:\/\/uamoreni.ro.c50.previewmysite.eu\/wp-content\/uploads\/2025\/09\/DI2025-Nitoiu_Valentin.pdf\" data-type=\"link\" data-id=\"http:\/\/uamoreni.ro.c50.previewmysite.eu\/wp-content\/uploads\/2025\/09\/DI2025-Nitoiu_Valentin\" target=\"_blank\" rel=\"noreferrer noopener\">Declaratie de interese<\/a><\/p><p id=\"block-8c7d527a-64b7-4f42-9d43-199642785c7e\">\u0218ef Sec\u021bie Brehui Vasile <a href=\"http:\/\/uamoreni.ro.c50.previewmysite.eu\/wp-content\/uploads\/2025\/09\/DADI2025\/DA2025-Brehui_Vasile.pdf\" target=\"_blank\" rel=\"noreferrer noopener\">Declaratie de avere<\/a> <a href=\"http:\/\/uamoreni.ro.c50.previewmysite.eu\/wp-content\/uploads\/2025\/09\/DADI2025\/DI2025-Brehui_Vasile.pdf\" target=\"_blank\" rel=\"noreferrer noopener\">Declaratie de interese<\/a><\/p><p>\u0218ef Sec\u021bie Marinoiu Gabriel C\u0103t\u0103lin  <a href=\"http:\/\/uamoreni.ro.c50.previewmysite.eu\/wp-content\/uploads\/2025\/09\/DADI2025\/DA2025-Marinoiu_Catalin.pdf\" target=\"_blank\" rel=\"noreferrer noopener\">Declaratie de avere<\/a> <a href=\"http:\/\/uamoreni.ro.c50.previewmysite.eu\/wp-content\/uploads\/2025\/09\/DADI2025\/DI2025-Marinoiu_Catalin.pdf\" target=\"_blank\" rel=\"noreferrer noopener\">Declaratie de interese<\/a><\/p><p id=\"block-5ea9e506-1a87-4184-ae19-715932d17abb\">\u0218ef Sec\u021bie Stoian Alin <a href=\"http:\/\/uamoreni.ro.c50.previewmysite.eu\/wp-content\/uploads\/2025\/09\/DADI2025\/DA2025-Stoian_Alin.pdf\" target=\"_blank\" rel=\"noreferrer noopener\">Declaratie de avere<\/a> <a href=\"http:\/\/uamoreni.ro.c50.previewmysite.eu\/wp-content\/uploads\/2025\/09\/DADI2025\/DI2025-Stoian_Alin.pdf\" target=\"_blank\" rel=\"noreferrer noopener\">Declaratie de interese<\/a><\/p><p id=\"block-5ea9e506-1a87-4184-ae19-715932d17abb\">Manager Siguran\u021b\u0103 Roncea Gabriel C\u0103t\u0103lin <a href=\"http:\/\/uamoreni.ro.c50.previewmysite.eu\/wp-content\/uploads\/2025\/09\/DADI2025\/DA2025-Roncea_Catalin.pdf\" target=\"_blank\" rel=\"noreferrer noopener\">Declaratie de avere<\/a> <a href=\"http:\/\/uamoreni.ro.c50.previewmysite.eu\/wp-content\/uploads\/2025\/09\/DADI2025\/DI2025-Roncea_Catalin.pdf\" target=\"_blank\" rel=\"noreferrer noopener\">Declaratie de interese<\/a><\/p><p id=\"block-8c7d527a-64b7-4f42-9d43-199642785c7e\">\u0218ef Serviciu Bucur Ion <a href=\"http:\/\/uamoreni.ro.c50.previewmysite.eu\/wp-content\/uploads\/2025\/09\/DADI2025\/DA2025-Bucur_Ion.pdf\" target=\"_blank\" rel=\"noreferrer noopener\">Declaratie de avere<\/a> <a href=\"http:\/\/uamoreni.ro.c50.previewmysite.eu\/wp-content\/uploads\/2025\/09\/DADI2025\/DI2025-Bucur_Ion.pdf\" target=\"_blank\" rel=\"noreferrer noopener\">Declaratie de interese<\/a><\/p><p>\u0218ef Serviciu Constantin Emilia Gabriela <a href=\"http:\/\/uamoreni.ro.c50.previewmysite.eu\/wp-content\/uploads\/2025\/09\/DADI2025\/DA2025-Constantin_Emilia.pdf\" target=\"_blank\" rel=\"noreferrer noopener\">Declaratie de avere<\/a> <a href=\"http:\/\/uamoreni.ro.c50.previewmysite.eu\/wp-content\/uploads\/2025\/09\/DADI2025\/DI2025-Constantin_Emilia.pdf\" target=\"_blank\" rel=\"noreferrer noopener\">Declaratie de interese<\/a><\/p><p id=\"block-7f4bc94c-8e61-45fc-828c-7a36b561abf2\">\u0218ef Serviciu Runceanu Gheorghe <a href=\"http:\/\/uamoreni.ro.c50.previewmysite.eu\/wp-content\/uploads\/2025\/09\/DADI2025\/DA2025-Runceanu_Gheorghe.pdf\" target=\"_blank\" rel=\"noreferrer noopener\">Declarati<\/a><a href=\"http:\/\/uamoreni.ro.c50.previewmysite.eu\/wp-content\/uploads\/2025\/09\/DADI2025\/DA2025-Oprita_Catalin.pdf\" target=\"_blank\" rel=\"noreferrer noopener\">e<\/a><a href=\"http:\/\/uamoreni.ro.c50.previewmysite.eu\/wp-content\/uploads\/2025\/09\/DADI2025\/DA2025-Bucuroiu_Ana-MAria.pdf\" target=\"_blank\" rel=\"noreferrer noopener\"> de avere<\/a> <a href=\"http:\/\/uamoreni.ro.c50.previewmysite.eu\/wp-content\/uploads\/2025\/09\/DADI2025\/DI2025-Runceanu_Gheorghe.pdf\" target=\"_blank\" rel=\"noreferrer noopener\">Declaratie de interese<\/a><\/p><p id=\"block-bbe30428-61d9-4631-9488-1482628a1bfc\">\u0218ef Serviciu Minciu Florin <a href=\"http:\/\/uamoreni.ro.c50.previewmysite.eu\/wp-content\/uploads\/2025\/09\/DADI2025\/DA2025-Minciu_Florin.pdf\" target=\"_blank\" rel=\"noreferrer noopener\">Declaratie de avere<\/a> <a href=\"http:\/\/uamoreni.ro.c50.previewmysite.eu\/wp-content\/uploads\/2025\/09\/DADI2025\/DI2025-Minciu_Florin.pdf\" target=\"_blank\" rel=\"noreferrer noopener\">Declaratie de interese<\/a><\/p><p>\u0218ef Birou Vasile Gabriela Steliana <a href=\"http:\/\/uamoreni.ro.c50.previewmysite.eu\/wp-content\/uploads\/2025\/09\/DADI2025\/DA2025-Vasile_Gabriela.pdf\" target=\"_blank\" rel=\"noreferrer noopener\">Declaratie de avere<\/a> <a href=\"http:\/\/uamoreni.ro.c50.previewmysite.eu\/wp-content\/uploads\/2025\/09\/DADI2025\/DI2025-Vasile_Gabriela.pdf\" target=\"_blank\" rel=\"noreferrer noopener\">Declaratie de interese<\/a><\/p><p>\u0218ef Birou Bucuroiu Ana-Maria <a href=\"http:\/\/uamoreni.ro.c50.previewmysite.eu\/wp-content\/uploads\/2025\/09\/DADI2025\/DA2025-Bucuroiu_Ana-MAria.pdf\" target=\"_blank\" rel=\"noreferrer noopener\">Declaratie de avere<\/a> <a href=\"http:\/\/uamoreni.ro.c50.previewmysite.eu\/wp-content\/uploads\/2025\/09\/DADI2025\/DI2025-Bucuroiu_Ana-MAria.pdf\" target=\"_blank\" rel=\"noreferrer noopener\">Declaratie de interese<\/a><\/p><p>\u0218ef Birou Opri\u021ba C\u0103t\u0103lin Gigel <a href=\"http:\/\/uamoreni.ro.c50.previewmysite.eu\/wp-content\/uploads\/2025\/09\/DADI2025\/DA2025-Bucuroiu_Ana-MAria.pdf\" target=\"_blank\" rel=\"noreferrer noopener\">Declarati<\/a><a href=\"http:\/\/uamoreni.ro.c50.previewmysite.eu\/wp-content\/uploads\/2025\/09\/DADI2025\/DA2025-Oprita_Catalin.pdf\" target=\"_blank\" rel=\"noreferrer noopener\">e<\/a><a href=\"http:\/\/uamoreni.ro.c50.previewmysite.eu\/wp-content\/uploads\/2025\/09\/DADI2025\/DA2025-Bucuroiu_Ana-MAria.pdf\" target=\"_blank\" rel=\"noreferrer noopener\"> de avere<\/a> <a href=\"http:\/\/uamoreni.ro.c50.previewmysite.eu\/wp-content\/uploads\/2025\/09\/DADI2025\/DI2025-Oprita_Catalin.pdf\" target=\"_blank\" rel=\"noreferrer noopener\">Declaratie de interese<\/a><\/p><p>\u0218ef Birou Vi\u0219an Marilena <a href=\"http:\/\/uamoreni.ro.c50.previewmysite.eu\/wp-content\/uploads\/2025\/09\/DADI2025\/DA2025-Runceanu_Gheorghe.pdf\" target=\"_blank\" rel=\"noreferrer noopener\">Declarati<\/a><a href=\"http:\/\/uamoreni.ro.c50.previewmysite.eu\/wp-content\/uploads\/2025\/09\/DADI2025\/DA2025-Visan_Marilena.pdf\" target=\"_blank\" rel=\"noreferrer noopener\">e<\/a><a href=\"http:\/\/uamoreni.ro.c50.previewmysite.eu\/wp-content\/uploads\/2025\/09\/DADI2025\/DI2025-Visan_Marilena.pdf\" target=\"_blank\" rel=\"noreferrer noopener\"> de avere<\/a> <a href=\"http:\/\/uamoreni.ro.c50.previewmysite.eu\/wp-content\/uploads\/2025\/09\/DADI2025\/DI2025-Visan_Marilena.pdf\" target=\"_blank\" rel=\"noreferrer noopener\">Declaratie de interese<\/a><\/p><p>Auditor Copariu Daniel Adrian <a href=\"http:\/\/uamoreni.ro.c50.previewmysite.eu\/wp-content\/uploads\/2025\/09\/DADI2025\/DA2025-Copariu_Adrian.pdf\" target=\"_blank\" rel=\"noreferrer noopener\">Declaratie de avere<\/a> <a href=\"http:\/\/uamoreni.ro.c50.previewmysite.eu\/wp-content\/uploads\/2025\/09\/DADI2025\/DI2025-Bucuroiu_Ana-MAria.pdf\" target=\"_blank\" rel=\"noreferrer noopener\">Declarati<\/a><a href=\"http:\/\/uamoreni.ro.c50.previewmysite.eu\/wp-content\/uploads\/2025\/09\/DADI2025\/DI2025-Copariu_Adrian.pdf\" target=\"_blank\" rel=\"noreferrer noopener\">e de interese<\/a><\/p><p><\/p>","protected":false},"excerpt":{"rendered":"<p>Pre\u0219edinte Consiliu de Administra\u021bie MISCHIE G.H. DUMITRU Administrator special DINU LAUREN\u021aIU GEORGE Membru Consiliu de Administra\u021bie STAN ANCA-MARIA Membru Consiliu de Administra\u021bie POPA V. IOANA Director General DR. JR. OPREA ALEXANDRU Director Tehnic MANU IOAN Director Economic NITOIU I. GABRIELA Director Comercial FLORESCU I. ALEXANDRU-IOAN Inginer \u0218ef C\u0103l\u0103ra\u0219u Gabriela Declaratie de avere Declaratie de interese &hellip; <\/p>\n<p class=\"link-more\"><a href=\"http:\/\/uamoreni.ro\/en\/declaratii-de-avere-si-interese-2025\/\" class=\"more-link\">Continue reading<span class=\"screen-reader-text\"> &#8222;Declaratii de avere si interese 2025&#8221;<\/span><\/a><\/p>","protected":false},"author":1,"featured_media":0,"parent":0,"menu_order":0,"comment_status":"closed","ping_status":"closed","template":"","meta":{"_regular_price":[],"currency_symbol":[],"footnotes":""},"class_list":["post-1336","page","type-page","status-publish","hentry"],"post_slider_layout_featured_media_urls":{"thumbnail":"","post_slider_layout_landscape_large":"","post_slider_layout_portrait_large":"","post_slider_layout_square_large":"","post_slider_layout_landscape":"","post_slider_layout_portrait":"","post_slider_layout_square":"","full":""},"_links":{"self":[{"href":"http:\/\/uamoreni.ro\/en\/wp-json\/wp\/v2\/pages\/1336","targetHints":{"allow":["GET"]}}],"collection":[{"href":"http:\/\/uamoreni.ro\/en\/wp-json\/wp\/v2\/pages"}],"about":[{"href":"http:\/\/uamoreni.ro\/en\/wp-json\/wp\/v2\/types\/page"}],"author":[{"embeddable":true,"href":"http:\/\/uamoreni.ro\/en\/wp-json\/wp\/v2\/users\/1"}],"replies":[{"embeddable":true,"href":"http:\/\/uamoreni.ro\/en\/wp-json\/wp\/v2\/comments?post=1336"}],"version-history":[{"count":37,"href":"http:\/\/uamoreni.ro\/en\/wp-json\/wp\/v2\/pages\/1336\/revisions"}],"predecessor-version":[{"id":1638,"href":"http:\/\/uamoreni.ro\/en\/wp-json\/wp\/v2\/pages\/1336\/revisions\/1638"}],"wp:attachment":[{"href":"http:\/\/uamoreni.ro\/en\/wp-json\/wp\/v2\/media?parent=1336"}],"curies":[{"name":"wp","href":"https:\/\/api.w.org\/{rel}","templated":true}]}}