{"id":1430,"date":"2025-09-09T06:41:58","date_gmt":"2025-09-09T06:41:58","guid":{"rendered":"http:\/\/uamoreni.ro\/?page_id=1430"},"modified":"2026-02-02T08:23:45","modified_gmt":"2026-02-02T08:23:45","slug":"oug-109-2011-art-51","status":"publish","type":"page","link":"http:\/\/uamoreni.ro\/en\/oug-109-2011-art-51\/","title":{"rendered":"Guvernan\u021ba corporativ\u0103"},"content":{"rendered":"<p>OUG 109\/2011 Art 51<\/p><p><a href=\"http:\/\/uamoreni.ro.c50.previewmysite.eu\/documente 2025\" target=\"_blank\" rel=\"noreferrer noopener\">a) Hot\u0103r\u00e2ri AGA<\/a><\/p><p><a href=\"http:\/\/uamoreni.ro.c50.previewmysite.eu\/situatii-financiare-raportari-contabile\" target=\"_blank\" rel=\"noreferrer noopener\">b) c) Situa\u021bii financiare &#8211; Raport\u0103ri contabile<\/a><\/p><p><a href=\"http:\/\/uamoreni.ro.c50.previewmysite.eu\/Consiliul-de-Administratie\" target=\"_blank\" rel=\"noreferrer noopener\">d) Componenta consiliului de administratie\/directoratului<\/a><\/p><p><a href=\"http:\/\/uamoreni.ro.c50.previewmysite.eu\/declaratii-de-avere-si-interese\" target=\"_blank\" rel=\"noreferrer noopener\">e) Declara\u021bii de avere \u0219i interese <\/a><\/p><p><a href=\"http:\/\/uamoreni.ro.c50.previewmysite.eu\/raport-anual-remuneratii\" target=\"_blank\" rel=\"noreferrer noopener\">f) Raportul anual cu privire la remunera\u021bii \u0219i alte avantaje  <\/a><\/p><p><a href=\"http:\/\/uamoreni.ro.c50.previewmysite.eu\/wp-content\/uploads\/2022\/08\/Codul-de-Conduita-Etica.pdf\" target=\"_blank\" rel=\"noreferrer noopener\">g) Codul de etic\u0103 <\/a><\/p><p><a href=\"http:\/\/uamoreni.ro.c50.previewmysite.eu\/wp-content\/uploads\/2024\/09\/Anunt_de_recrutare_pentru_pozitia_de_membru_in_consiliul_de_administratie_al_S._UA_Moreni_S.A._26.09.2024-1.pdf\" target=\"_blank\" rel=\"noreferrer noopener\">h) Procedura prin care s-a f\u0103cut selec\u021bia membrilor consiliului de administra\u021bie<\/a> \/ <a href=\"http:\/\/uamoreni.ro.c50.previewmysite.eu\/anunturii\/\">director general provizoriu<\/a> (<a href=\"http:\/\/uamoreni.ro.c50.previewmysite.eu\/wp-content\/uploads\/2025\/11\/Anunt%20selectie%20director%20general%20provizoriu.pdf\" target=\"_blank\" rel=\"noreferrer noopener\">Anunt selectie<\/a>, <a href=\"http:\/\/uamoreni.ro.c50.previewmysite.eu\/wp-content\/uploads\/2025\/11\/Plan_selectie_procedura.pdf\" target=\"_blank\" rel=\"noreferrer noopener\">Procedura de selectie<\/a>, <a href=\"http:\/\/uamoreni.ro.c50.previewmysite.eu\/wp-content\/uploads\/2025\/11\/Proiect_Contract_Mandat_DG.pdf\" target=\"_blank\" rel=\"noreferrer noopener\">Contract de mandat<\/a>, <a href=\"http:\/\/uamoreni.ro.c50.previewmysite.eu\/wp-content\/uploads\/2025\/11\/FORMULAR%20F1.docx\" target=\"_blank\" rel=\"noreferrer noopener\">Formular F1<\/a>, <a href=\"http:\/\/uamoreni.ro.c50.previewmysite.eu\/wp-content\/uploads\/2025\/11\/FORMULAR%20F2.docx\" target=\"_blank\" rel=\"noreferrer noopener\">Formular F2<\/a>, <a href=\"http:\/\/uamoreni.ro.c50.previewmysite.eu\/wp-content\/uploads\/2025\/11\/FORMULAR%20F3%20.docx\" target=\"_blank\" rel=\"noreferrer noopener\">Formular F3<\/a>, <a href=\"http:\/\/uamoreni.ro.c50.previewmysite.eu\/wp-content\/uploads\/2025\/11\/FORMULAR%20F4.docx\" target=\"_blank\" rel=\"noreferrer noopener\">Formular F4<\/a>, <a href=\"http:\/\/uamoreni.ro.c50.previewmysite.eu\/wp-content\/uploads\/2025\/11\/Matrice%20DG.%20Anexa%202%20la%20Profilul%20Candidatului_.pdf\" target=\"_blank\" rel=\"noreferrer noopener\">Matrice DG. Anexa 2 la Profilul Candidatului<\/a>, <a href=\"http:\/\/uamoreni.ro.c50.previewmysite.eu\/wp-content\/uploads\/2025\/11\/Plan%20interviu.CNR.pdf\" target=\"_blank\" rel=\"noreferrer noopener\">Plan interviu<\/a>, <a href=\"http:\/\/uamoreni.ro.c50.previewmysite.eu\/wp-content\/uploads\/2025\/11\/Profilul%20candidatului.CNR.pdf\" target=\"_blank\" rel=\"noreferrer noopener\">Profilul Candidatului<\/a>, <a href=\"http:\/\/uamoreni.ro.c50.previewmysite.eu\/wp-content\/uploads\/2025\/11\/Scrisoare_asteptari.pdf\" target=\"_blank\" rel=\"noreferrer noopener\">Scrisoare de asteptari<\/a>, <a href=\"http:\/\/uamoreni.ro.c50.previewmysite.eu\/wp-content\/uploads\/2025\/11\/Statut.pdf\" target=\"_blank\" rel=\"noreferrer noopener\">Statut<\/a>, <a href=\"http:\/\/uamoreni.ro.c50.previewmysite.eu\/wp-content\/uploads\/2025\/11\/Structura_declaratie_intentie_model.pdf\" target=\"_blank\" rel=\"noreferrer noopener\">Structura declaratiei de intentie<\/a>)<\/p><p><a href=\"http:\/\/uamoreni.ro.c50.previewmysite.eu\/wp-content\/uploads\/2024\/03\/SCRISOARE_MORENI.pdf\" target=\"_blank\" rel=\"noreferrer noopener\">i) SCRISOARE DE A\u0218TEPT\u0102RI PRIN CARE SUNT STABILITE DEZIDERATELE AC\u021aIONARULUI MAJORITAR &#8211; STATUL ROM\u00c2N, PRIN MINISTERUL ECONOMIEI, ANTREPRENORIATULUI \u0218I TURISMULUI, PRIVIND PERFORMAN\u021aELE SOCIET\u0102\u021aII UZINA AUTOMECANICA MORENI SA \u0218I ALE ORGANELOR DE ADMINISTRARE \u0218I CONDUCERE ALE ACESTEIA PENTRU O PERIOAD\u0102 DE 4 ANI<\/a><\/p><p><a href=\"http:\/\/uamoreni.ro.c50.previewmysite.eu\/contract-mandat\" target=\"_blank\" rel=\"noreferrer noopener\">j) Contractul de mandat<\/a><\/p><p><a href=\"http:\/\/uamoreni.ro.c50.previewmysite.eu\/wp-content\/uploads\/2025\/02\/Bugetul pentru investitii pe ultimii 3 ani financiari.pdf\" target=\"_blank\" rel=\"noreferrer noopener\">k) Bugetul  pentru investi\u021bii \u00een fiecare dintre ultimii 3 ani financiari<\/a><\/p><p><a href=\"http:\/\/uamoreni.ro.c50.previewmysite.eu\/wp-content\/uploads\/2025\/02\/Cheltuieli cu personalul 2022-2024.pdf\" target=\"_blank\" rel=\"noreferrer noopener\">l) Cheltuielile totale cu personalul \u00een ultimii 3 ani \u0219i valoarea subven\u021biei<\/a><\/p><p><a href=\"http:\/\/uamoreni.ro.c50.previewmysite.eu\/wp-content\/uploads\/2025\/02\/Datorii 2022-2024.pdf\" target=\"_blank\" rel=\"noreferrer noopener\">m) Datoriile companiei c\u0103tre bugetul de stat, c\u0103tre institu\u021bii de creditare \u0219i c\u0103tre parteneri comerciali<\/a><\/p><p><a href=\"http:\/\/uamoreni.ro.c50.previewmysite.eu\/wp-content\/uploads\/2025\/02\/Cheltuieli cu personalul 2022-2024.pdf\" target=\"_blank\" rel=\"noreferrer noopener\">n) Valoarea subven\u021biei opera\u021bionale primite de la bugetul de stat<\/a><\/p><p><a href=\"http:\/\/uamoreni.ro.c50.previewmysite.eu\/wp-content\/uploads\/2025\/10\/Servicii si bunuri 2025_UAM.pdf\" target=\"_blank\" rel=\"noreferrer noopener\">o) Serviciile sau bunurile <\/a><a href=\"http:\/\/uamoreni.ro.c50.previewmysite.eu\/wp-content\/uploads\/2025\/02\/anexa gama de servicii.pdf.pdf\" target=\"_blank\" rel=\"noreferrer noopener\">p<\/a><a href=\"http:\/\/uamoreni.ro.c50.previewmysite.eu\/wp-content\/uploads\/2025\/02\/Cheltuieli cu personalul 2022-2024.pdf\" target=\"_blank\" rel=\"noreferrer noopener\">roduse de \u00eentreprindere \u00een interes public<\/a><\/p><p><a href=\"http:\/\/uamoreni.ro.c50.previewmysite.eu\/wp-content\/uploads\/2025\/02\/oppi.pdf\" target=\"_blank\" rel=\"noreferrer noopener\">p) Men\u021bionarea obiectivului de politic\u0103 public\u0103 a \u00eentreprinderii<\/a><\/p><p><a href=\"http:\/\/uamoreni.ro.c50.previewmysite.eu\/wp-content\/uploads\/2025\/02\/arda.pdf\" target=\"_blank\" rel=\"noreferrer noopener\">q) Situa\u021biile de risc\/analiza de risc\/analiz\u0103 din domeniul de activitate al \u00eentreprinderii<\/a><\/p><p><a href=\"http:\/\/uamoreni.ro.c50.previewmysite.eu\/raport-anual-agregat\" target=\"_blank\" rel=\"noreferrer noopener\">r) Raportul anual agregat pe pagina web a \u00eentreprinderii<\/a><\/p><p><a href=\"http:\/\/uamoreni.ro.c50.previewmysite.eu\/wp-content\/uploads\/2025\/08\/PlanIntegritateSNA2021_2025.pdf\" target=\"_blank\" rel=\"noreferrer noopener\">\u0219) Planul de integritate al \u00eentreprinderii SNA 2021-2025<\/a><\/p><p><a href=\"http:\/\/uamoreni.ro.c50.previewmysite.eu\/raport-audit-extern\" target=\"_blank\" rel=\"noreferrer noopener\">t) Raportul de audit extern<\/a><\/p><p><a href=\"http:\/\/uamoreni.ro.c50.previewmysite.eu\/raport-al-comitetului-de-audit-si-gestionare-a-riscurilor\" target=\"_blank\" rel=\"noreferrer noopener\">u) Raportul al Comitetului de audit si gestionare a riscurilor<\/a><\/p><p>OUG 109\/2011 &#8211; Pagina VECHE<\/p><p><a href=\"http:\/\/uamoreni.ro.c50.previewmysite.eu\/oug-109-2011\/\" target=\"_blank\" rel=\"noreferrer noopener\">OUG 109\/2011 &#8211; Pagina VECHE<\/a><\/p>","protected":false},"excerpt":{"rendered":"<p>OUG 109\/2011 Art 51 a) Hot\u0103r\u00e2ri AGA b) c) Situa\u021bii financiare &#8211; Raport\u0103ri contabile d) Componenta consiliului de administratie\/directoratului e) Declara\u021bii de avere \u0219i interese f) Raportul anual cu privire la remunera\u021bii \u0219i alte avantaje g) Codul de etic\u0103 h) Procedura prin care s-a f\u0103cut selec\u021bia membrilor consiliului de administra\u021bie \/ director general provizoriu (Anunt &hellip; <\/p>\n<p class=\"link-more\"><a href=\"http:\/\/uamoreni.ro\/en\/oug-109-2011-art-51\/\" class=\"more-link\">Continue reading<span class=\"screen-reader-text\"> &#8222;Guvernan\u021ba corporativ\u0103&#8221;<\/span><\/a><\/p>","protected":false},"author":1,"featured_media":0,"parent":0,"menu_order":0,"comment_status":"closed","ping_status":"closed","template":"","meta":{"_regular_price":[],"currency_symbol":[],"footnotes":""},"class_list":["post-1430","page","type-page","status-publish","hentry"],"post_slider_layout_featured_media_urls":{"thumbnail":"","post_slider_layout_landscape_large":"","post_slider_layout_portrait_large":"","post_slider_layout_square_large":"","post_slider_layout_landscape":"","post_slider_layout_portrait":"","post_slider_layout_square":"","full":""},"_links":{"self":[{"href":"http:\/\/uamoreni.ro\/en\/wp-json\/wp\/v2\/pages\/1430","targetHints":{"allow":["GET"]}}],"collection":[{"href":"http:\/\/uamoreni.ro\/en\/wp-json\/wp\/v2\/pages"}],"about":[{"href":"http:\/\/uamoreni.ro\/en\/wp-json\/wp\/v2\/types\/page"}],"author":[{"embeddable":true,"href":"http:\/\/uamoreni.ro\/en\/wp-json\/wp\/v2\/users\/1"}],"replies":[{"embeddable":true,"href":"http:\/\/uamoreni.ro\/en\/wp-json\/wp\/v2\/comments?post=1430"}],"version-history":[{"count":43,"href":"http:\/\/uamoreni.ro\/en\/wp-json\/wp\/v2\/pages\/1430\/revisions"}],"predecessor-version":[{"id":1746,"href":"http:\/\/uamoreni.ro\/en\/wp-json\/wp\/v2\/pages\/1430\/revisions\/1746"}],"wp:attachment":[{"href":"http:\/\/uamoreni.ro\/en\/wp-json\/wp\/v2\/media?parent=1430"}],"curies":[{"name":"wp","href":"https:\/\/api.w.org\/{rel}","templated":true}]}}