{"id":24,"date":"2021-11-25T11:51:35","date_gmt":"2021-11-25T11:51:35","guid":{"rendered":"http:\/\/uamoreni.ro.c50.previewmysite.eu\/test\/?page_id=6"},"modified":"2026-02-03T13:40:48","modified_gmt":"2026-02-03T13:40:48","slug":"despre","status":"publish","type":"page","link":"http:\/\/uamoreni.ro\/en\/despre\/","title":{"rendered":"About us"},"content":{"rendered":"<div class=\"wp-block-columns is-layout-flex wp-container-core-columns-is-layout-9d6595d7 wp-block-columns-is-layout-flex\"><div class=\"wp-block-column is-layout-flow wp-block-column-is-layout-flow\"><div class=\"wp-block-ive-ibtana-visual-editorheading\"><div class=\"ive-advanced-text-wrap ive-div-advance-text_cad9c4-96 undefined text-center text-md-center text-lg-start text-xl-start\"><h2 class=\"ive-heading-parent undefined ive-advanced-text-inner-wrap ive-adv-advance-text_cad9c4-96 ive-lh-xs-30 ive-lh-sm-30 ive-lh-md-30 ive-lh-lg-30 ive-lh-xl-30\" id=\"ive-adv-advance-text_cad9c4-96\">Historic<br><br><br>A fost \u00eenfiin\u021bat\u0103 \u00een toamna anului 1968, sub numele de IAM, av\u00e2nd ca principal obiect de activitate, fabricarea de autovehicule blindate pe ro\u021bi.<br>Pe parcursul celor 55 de ani, a realizat peste 15 000 de produse , majoritatea destinate exportului \u00een spa\u0163iul ex-Sovietic, fosta Republica Democrat\u0103 German\u0103, Algeria, Bangladesh.<br>Produsele fabricate la UAM au participat la multe misiuni de securitate \u0219i stabilitate, de men\u021binere a p\u0103cii \u0219i a ordinii publice \u00een diferite \u021b\u0103ri precum : Iugoslavia, Irak, Afganistan Urm\u00e2nd tendin\u021ba general\u0103 a reconversiei industriei militare, uzina de la Moreni a trecut \u0219i la fabricarea de produse civile \u0219i de asemenea la practicarea \u0219i dezvoltarea unei game largi de servicii. Proiectarea asistat\u0103 de calculator \u0219i noile tehnologii folosite la Moreni (t\u0103ierea tablelor de blindaj cu instala\u021bie LASER, instala\u021bie de c\u0103lire \u00een mediu controlat, instala\u021bie de sudur\u0103 MIG-MAG-WIG) asigur\u0103 materializarea proiectelor \u00een produse de \u00eenalt\u0103 calitate. Pentru a realiza toate acestea, fabrica a dezvoltat un sistem de control bazat pe standardul SR EN ISO 9001 &#8211; 95, UAM fiind acreditat\u0103 de Organismul Militar de Certificare, Acreditare si Supraveghere \u00eenc\u0103 din 1997.<\/h2><\/div><\/div><\/div>\n\n<div class=\"wp-block-column is-layout-flow wp-block-column-is-layout-flow\"><div class=\"wp-block-image is-style-default\"><figure class=\"alignleft size-vw-gallery-image-medium is-resized\"><img loading=\"lazy\" decoding=\"async\" width=\"300\" height=\"300\" src=\"http:\/\/uamoreni.ro.c50.previewmysite.eu\/wp-content\/uploads\/2022\/08\/welcome-300x300.jpg\" alt=\"\" class=\"wp-image-459\" style=\"width:601px;height:603px\" srcset=\"http:\/\/uamoreni.ro\/wp-content\/uploads\/2022\/08\/welcome-300x300.jpg 300w, http:\/\/uamoreni.ro\/wp-content\/uploads\/2022\/08\/welcome-150x150.jpg 150w, http:\/\/uamoreni.ro\/wp-content\/uploads\/2022\/08\/welcome-1200x1200.jpg 1200w, http:\/\/uamoreni.ro\/wp-content\/uploads\/2022\/08\/welcome-600x600.jpg 600w, http:\/\/uamoreni.ro\/wp-content\/uploads\/2022\/08\/welcome-100x100.jpg 100w\" sizes=\"auto, (max-width: 300px) 100vw, 300px\" \/><figcaption class=\"wp-element-caption\">                          <br>                     <strong>AUTOMECANICA Moreni Factory<\/strong><\/figcaption><\/figure><\/div><\/div><\/div><div class=\"wp-block-ive-ibtana-visual-editorheading\"><div class=\"ive-advanced-text-wrap ive-div-advance-text_be6b30-d2 undefined text-center text-md-center text-lg-center text-xl-center\"><h2 class=\"ive-heading-parent undefined ive-advanced-text-inner-wrap ive-adv-advance-text_be6b30-d2 ive-lh-xs-30 ive-lh-sm-30 ive-lh-md-30 ive-lh-lg-30 ive-lh-xl-30\" id=\"ive-adv-advance-text_be6b30-d2\">CONDUCEREA SOCETA\u021aII<br><br><strong>General Manager<\/strong><br><strong>Ing. Ioan MANU<\/strong> <strong>&#8211; automecanica@uamoreni.ro <\/strong>  <br><strong>Technical Manager<\/strong><br><strong>-tehnic@uamoreni.ro<\/strong>   <br><strong>Economic Manager<\/strong><br><strong>Ec. Gabriela NI\u021aOIU-economic@uamoreni.ro<\/strong><br><strong>Commercial Director<\/strong><br>Ing. <strong>Alexandru FLORESCU-comercial@uamoreni.ro<br><\/strong><br><br>CONSILIUL DE ADMINISTRA\u021aIE<br><br><br>MISCHIE DUMITRU\u00a0&#8211;\u00a0Pre\u0219edinte Consiliul de Administra\u021bie<br><br><br>POPA IOANA\u00a0&#8211;\u00a0Membru<br>STAN ANCA-MARIA\u00a0&#8211;\u00a0Membru<br><br><\/h2><\/div><\/div>","protected":false},"excerpt":{"rendered":"","protected":false},"author":1,"featured_media":0,"parent":0,"menu_order":0,"comment_status":"closed","ping_status":"closed","template":"","meta":{"_regular_price":[],"currency_symbol":[],"footnotes":""},"class_list":["post-24","page","type-page","status-publish","hentry"],"post_slider_layout_featured_media_urls":{"thumbnail":"","post_slider_layout_landscape_large":"","post_slider_layout_portrait_large":"","post_slider_layout_square_large":"","post_slider_layout_landscape":"","post_slider_layout_portrait":"","post_slider_layout_square":"","full":""},"_links":{"self":[{"href":"http:\/\/uamoreni.ro\/en\/wp-json\/wp\/v2\/pages\/24","targetHints":{"allow":["GET"]}}],"collection":[{"href":"http:\/\/uamoreni.ro\/en\/wp-json\/wp\/v2\/pages"}],"about":[{"href":"http:\/\/uamoreni.ro\/en\/wp-json\/wp\/v2\/types\/page"}],"author":[{"embeddable":true,"href":"http:\/\/uamoreni.ro\/en\/wp-json\/wp\/v2\/users\/1"}],"replies":[{"embeddable":true,"href":"http:\/\/uamoreni.ro\/en\/wp-json\/wp\/v2\/comments?post=24"}],"version-history":[{"count":24,"href":"http:\/\/uamoreni.ro\/en\/wp-json\/wp\/v2\/pages\/24\/revisions"}],"predecessor-version":[{"id":1749,"href":"http:\/\/uamoreni.ro\/en\/wp-json\/wp\/v2\/pages\/24\/revisions\/1749"}],"wp:attachment":[{"href":"http:\/\/uamoreni.ro\/en\/wp-json\/wp\/v2\/media?parent=24"}],"curies":[{"name":"wp","href":"https:\/\/api.w.org\/{rel}","templated":true}]}}