{"id":491,"date":"2022-08-05T10:36:40","date_gmt":"2022-08-05T10:36:40","guid":{"rendered":"http:\/\/uamoreni.ro.c50.previewmysite.eu\/?page_id=491"},"modified":"2025-09-10T12:06:58","modified_gmt":"2025-09-10T12:06:58","slug":"oug-109-2011","status":"publish","type":"page","link":"http:\/\/uamoreni.ro\/en\/oug-109-2011\/","title":{"rendered":"OUG 109\/2011"},"content":{"rendered":"<p>Art.51<\/p><div class=\"wp-block-media-text alignwide has-media-on-the-right is-stacked-on-mobile\" style=\"grid-template-columns:auto 23%\"><div class=\"wp-block-media-text__content\"><p class=\"has-medium-font-size\"><a href=\"http:\/\/uamoreni.ro.c50.previewmysite.eu\/wp-content\/uploads\/2022\/08\/Doc2018.pdf\" target=\"_blank\" rel=\"noreferrer noopener\">Documents 2018<\/a><\/p>\n\n<p class=\"has-medium-font-size\"><a href=\"http:\/\/uamoreni.ro.c50.previewmysite.eu\/wp-content\/uploads\/2022\/08\/Doc2019.pdf\" target=\"_blank\" rel=\"noreferrer noopener\">Documents 2019<\/a><\/p>\n\n<p class=\"has-medium-font-size\"><a href=\"http:\/\/uamoreni.ro.c50.previewmysite.eu\/wp-content\/uploads\/2022\/08\/Doc2020.pdf\" target=\"_blank\" rel=\"noreferrer noopener\">Documents 2020<\/a><\/p>\n\n<p class=\"has-medium-font-size\"><a href=\"http:\/\/uamoreni.ro.c50.previewmysite.eu\/wp-content\/uploads\/2022\/08\/Doc2021.pdf\" target=\"_blank\" rel=\"noreferrer noopener\">Documents 2021<\/a><\/p>\n\n<p class=\"has-medium-font-size\"><a href=\"http:\/\/uamoreni.ro.c50.previewmysite.eu\/wp-content\/uploads\/2023\/02\/Doc2022-1.pdf\" target=\"_blank\" rel=\"noreferrer noopener\">Documents 2022<\/a><\/p>\n\n<p class=\"has-medium-font-size\"><a href=\"http:\/\/uamoreni.ro.c50.previewmysite.eu\/documente 2023\">Documente 2023<\/a><\/p>\n\n<p class=\"has-medium-font-size\"><a href=\"http:\/\/uamoreni.ro.c50.previewmysite.eu\/documente 2024\">Documente 2024<\/a><\/p><\/div><figure class=\"wp-block-media-text__media\"><img loading=\"lazy\" decoding=\"async\" width=\"1024\" height=\"479\" src=\"http:\/\/uamoreni.ro.c50.previewmysite.eu\/wp-content\/uploads\/2022\/08\/justice-2071539_1280-e1519021789730-1024x479.jpg\" alt=\"\" class=\"wp-image-492 size-full\" srcset=\"http:\/\/uamoreni.ro\/wp-content\/uploads\/2022\/08\/justice-2071539_1280-e1519021789730-1024x479.jpg 1024w, http:\/\/uamoreni.ro\/wp-content\/uploads\/2022\/08\/justice-2071539_1280-e1519021789730-300x140.jpg 300w, http:\/\/uamoreni.ro\/wp-content\/uploads\/2022\/08\/justice-2071539_1280-e1519021789730-768x359.jpg 768w, http:\/\/uamoreni.ro\/wp-content\/uploads\/2022\/08\/justice-2071539_1280-e1519021789730-600x281.jpg 600w, http:\/\/uamoreni.ro\/wp-content\/uploads\/2022\/08\/justice-2071539_1280-e1519021789730.jpg 1200w\" sizes=\"auto, (max-width: 1024px) 100vw, 1024px\" \/><\/figure><\/div><div class=\"wp-block-ive-ibtana-visual-editorheading\"><div class=\"ive-advanced-text-wrap ive-div-advance-text_2d9ede-6e undefined text-center text-md-center text-lg-start text-xl-start\"><h2 class=\"ive-heading-parent undefined ive-advanced-text-inner-wrap ive-adv-advance-text_2d9ede-6e ive-lh-xs-30 ive-lh-sm-30 ive-lh-md-30 ive-lh-lg-30 ive-lh-xl-30\" id=\"ive-adv-advance-text_2d9ede-6e\"><a href=\"http:\/\/uamoreni.ro.c50.previewmysite.eu\/wp-content\/uploads\/2024\/03\/SCRISOARE_MORENI.pdf\" target=\"_blank\" rel=\"noreferrer noopener\">SCRISOARE DE A\u0218TEPT\u0102RI PRIN CARE SUNT STABILITE DEZIDERATELE AC\u021aIONARULUI MAJORITAR &#8211; STATUL ROM\u00c2N, PRIN MINISTERUL ECONOMIEI, ANTREPRENORIATULUI \u0218I TURISMULUI, PRIVIND PERFORMAN\u021aELE SOCIET\u0102\u021aII UZINA AUTOMECANICA MORENI SA \u0218I ALE ORGANELOR DE ADMINISTRARE \u0218I CONDUCERE ALE ACESTEIA PENTRU O PERIOAD\u0102 DE 4 ANI<\/a><br>  <br><a href=\"http:\/\/uamoreni.ro.c50.previewmysite.eu\/wp-content\/uploads\/2024\/09\/Anunt_de_recrutare_pentru_pozitia_de_membru_in_consiliul_de_administratie_al_S._UA_Moreni_S.A._26.09.2024-1.pdf\" target=\"_blank\" rel=\"noreferrer noopener\">ANUNT DE RECRUTARE PENTRU POZITIA DE MEMBRU IN CONSILIUL DE ADMINISTRATIE UZINA AUTOMECANICA MORENI-26.09.2024<\/a><br><br><strong>COMPONENT BOARD OF ADMINISTRATION AND DIRECTORS<\/strong><\/h2><\/div><\/div><div class=\"wp-block-ive-ibtana-visual-editorheading\"><div class=\"ive-advanced-text-wrap ive-div-advance-text_40abcc-0e undefined text-center text-md-center text-lg-start text-xl-start\"><h2 class=\"ive-heading-parent undefined ive-advanced-text-inner-wrap ive-adv-advance-text_40abcc-0e ive-lh-xs-30 ive-lh-sm-30 ive-lh-md-30 ive-lh-lg-30 ive-lh-xl-30\" id=\"ive-adv-advance-text_40abcc-0e\"><a href=\"http:\/\/uamoreni.ro.c50.previewmysite.eu\/wp-content\/uploads\/2025\/02\/COMPONENTA-CA-SI-D.pdf\" target=\"_blank\" rel=\"noreferrer noopener\">COMPONENTA C.A SI DIRECTORI(CV-URI)<\/a><\/h2><\/div><\/div><div class=\"wp-block-ive-ibtana-visual-editorheading\"><div class=\"ive-advanced-text-wrap ive-div-advance-text_50d106-7e undefined text-center text-md-center text-lg-start text-xl-start\"><h2 class=\"ive-heading-parent undefined ive-advanced-text-inner-wrap ive-adv-advance-text_50d106-7e ive-lh-xs-30 ive-lh-sm-30 ive-lh-md-30 ive-lh-lg-30 ive-lh-xl-30\" id=\"ive-adv-advance-text_50d106-7e\"><strong>CODE OF ETHICAL CONDUCT<\/strong><\/h2><\/div><\/div><p class=\"has-text-align-left has-medium-font-size\">                                                                                       <a href=\"http:\/\/uamoreni.ro.c50.previewmysite.eu\/wp-content\/uploads\/2022\/08\/Codul-de-Conduita-Etica.pdf\" target=\"_blank\" rel=\"noreferrer noopener\">CODE OF CONDUCT<\/a><\/p><p class=\"has-text-align-left\"><strong>SITUATII <\/strong><\/p><p class=\"has-text-align-left\"><a href=\"http:\/\/uamoreni.ro.c50.previewmysite.eu\/wp-content\/uploads\/2025\/02\/arda.pdf\" target=\"_blank\" rel=\"noreferrer noopener\">Situa\u021biile de risc\/analiza de risc din domeniul de activitate al \u00eentreprinderii<\/a><\/p><p class=\"has-text-align-left\"><a href=\"http:\/\/uamoreni.ro.c50.previewmysite.eu\/wp-content\/uploads\/2025\/02\/oppi.pdf\" target=\"_blank\" rel=\"noreferrer noopener\">Obiectivul de politic\u0103 public\u0103 a \u00eentreprinderii<\/a><\/p><p class=\"has-text-align-left\"><a href=\"http:\/\/uamoreni.ro.c50.previewmysite.eu\/wp-content\/uploads\/2025\/02\/Cheltuieli cu personalul 2022-2024.pdf\" target=\"_blank\" rel=\"noreferrer noopener\">Cheltuielile totale cu personalul \u00een ultimii 3 ani \u0219i valoarea subven\u021biei<\/a><\/p><p class=\"has-text-align-left\"><a href=\"http:\/\/uamoreni.ro.c50.previewmysite.eu\/wp-content\/uploads\/2025\/02\/Datorii 2022-2024.pdf\" target=\"_blank\" rel=\"noreferrer noopener\">Datoriile companiei c\u0103tre bugetul de stat, c\u0103tre institu\u021bii de creditare \u0219i c\u0103tre parteneri comerciali<\/a><\/p><p class=\"has-text-align-left\"><a href=\"http:\/\/uamoreni.ro.c50.previewmysite.eu\/wp-content\/uploads\/2025\/02\/Bugetul pentru investitii pe ultimii 3 ani financiari.pdf\" target=\"_blank\" rel=\"noreferrer noopener\">Bugetul  pentru investi\u021bii \u00een fiecare dintre ultimii 3 ani financiari<\/a><\/p><p class=\"has-text-align-left\"><a href=\"http:\/\/uamoreni.ro.c50.previewmysite.eu\/wp-content\/uploads\/2025\/02\/anexa gama de servicii.pdf\" target=\"_blank\" rel=\"noreferrer noopener\">Serviciile sau bunurile produse de \u00eentreprindere \u00een interes public<\/a><\/p><p class=\"has-text-align-left\"><a href=\"http:\/\/uamoreni.ro.c50.previewmysite.eu\/wp-content\/uploads\/2025\/08\/PlanIntegritateSNA2021_2025.pdf\" target=\"_blank\" rel=\"noreferrer noopener\">Plan de integritate SNA 2021-2025<\/a><\/p><p><\/p>","protected":false},"excerpt":{"rendered":"<p>Art.51 Documente 2018 Documente 2019 Documente 2020 Documente 2021 Documente 2022 Documente 2023 Documente 2024 COD CONDUITA SITUATII Situa\u021biile de risc\/analiza de risc din domeniul de activitate al \u00eentreprinderii Obiectivul de politic\u0103 public\u0103 a \u00eentreprinderii Cheltuielile totale cu personalul \u00een ultimii 3 ani \u0219i valoarea subven\u021biei Datoriile companiei c\u0103tre bugetul de stat, c\u0103tre institu\u021bii de &hellip; <\/p>\n<p class=\"link-more\"><a href=\"http:\/\/uamoreni.ro\/en\/oug-109-2011\/\" class=\"more-link\">Continue reading<span class=\"screen-reader-text\"> &#8222;OUG 109\/2011&#8221;<\/span><\/a><\/p>","protected":false},"author":1,"featured_media":0,"parent":0,"menu_order":0,"comment_status":"closed","ping_status":"closed","template":"","meta":{"_regular_price":[],"currency_symbol":[],"footnotes":""},"class_list":["post-491","page","type-page","status-publish","hentry"],"post_slider_layout_featured_media_urls":{"thumbnail":"","post_slider_layout_landscape_large":"","post_slider_layout_portrait_large":"","post_slider_layout_square_large":"","post_slider_layout_landscape":"","post_slider_layout_portrait":"","post_slider_layout_square":"","full":""},"_links":{"self":[{"href":"http:\/\/uamoreni.ro\/en\/wp-json\/wp\/v2\/pages\/491","targetHints":{"allow":["GET"]}}],"collection":[{"href":"http:\/\/uamoreni.ro\/en\/wp-json\/wp\/v2\/pages"}],"about":[{"href":"http:\/\/uamoreni.ro\/en\/wp-json\/wp\/v2\/types\/page"}],"author":[{"embeddable":true,"href":"http:\/\/uamoreni.ro\/en\/wp-json\/wp\/v2\/users\/1"}],"replies":[{"embeddable":true,"href":"http:\/\/uamoreni.ro\/en\/wp-json\/wp\/v2\/comments?post=491"}],"version-history":[{"count":80,"href":"http:\/\/uamoreni.ro\/en\/wp-json\/wp\/v2\/pages\/491\/revisions"}],"predecessor-version":[{"id":1580,"href":"http:\/\/uamoreni.ro\/en\/wp-json\/wp\/v2\/pages\/491\/revisions\/1580"}],"wp:attachment":[{"href":"http:\/\/uamoreni.ro\/en\/wp-json\/wp\/v2\/media?parent=491"}],"curies":[{"name":"wp","href":"https:\/\/api.w.org\/{rel}","templated":true}]}}