{"id":889,"date":"2023-05-25T09:47:33","date_gmt":"2023-05-25T09:47:33","guid":{"rendered":"http:\/\/uamoreni.ro\/?page_id=889"},"modified":"2024-03-22T12:51:54","modified_gmt":"2024-03-22T12:51:54","slug":"documente-2023","status":"publish","type":"page","link":"http:\/\/uamoreni.ro\/en\/documente-2023\/","title":{"rendered":"Documente 2023"},"content":{"rendered":"<p><a href=\"http:\/\/uamoreni.ro.c50.previewmysite.eu\/wp-content\/uploads\/2023\/05\/Hotararea-AGA-nr.-1-17012023.pdf\" target=\"_blank\" rel=\"noreferrer noopener\"><\/a><a href=\"http:\/\/uamoreni.ro.c50.previewmysite.eu\/wp-content\/uploads\/2024\/02\/Hotararea-AGA-nr.-1-17012023.pdf\" target=\"_blank\" rel=\"noreferrer noopener\">Hot\u0103r\u00e2rea AGA nr. 1<\/a><\/p><p><a href=\"http:\/\/uamoreni.ro.c50.previewmysite.eu\/wp-content\/uploads\/2023\/05\/Hotararea-AGA-nr.-2-22032023.pdf\" target=\"_blank\" rel=\"noreferrer noopener\"><\/a><a href=\"http:\/\/uamoreni.ro.c50.previewmysite.eu\/wp-content\/uploads\/2024\/02\/Hotararea-AGA-nr.-2-22032023.pdf\" target=\"_blank\" rel=\"noreferrer noopener\">Hot\u0103r\u00e2rea AGA nr. 2<\/a><\/p><p><a href=\"http:\/\/uamoreni.ro.c50.previewmysite.eu\/wp-content\/uploads\/2023\/05\/Hotararea-AGA-nr.-3-22032023.pdf\" target=\"_blank\" rel=\"noreferrer noopener\"><\/a><a href=\"http:\/\/uamoreni.ro.c50.previewmysite.eu\/wp-content\/uploads\/2024\/02\/Hotararea-AGA-nr.-3-22032023.pdf\" target=\"_blank\" rel=\"noreferrer noopener\">Hot\u0103r\u00e2rea AGA nr. 3<\/a><\/p><p><a href=\"http:\/\/uamoreni.ro.c50.previewmysite.eu\/wp-content\/uploads\/2023\/05\/Hotararea-AGA-BVC-nr.4-05042023.pdf\" target=\"_blank\" rel=\"noreferrer noopener\"><\/a><a href=\"http:\/\/uamoreni.ro.c50.previewmysite.eu\/wp-content\/uploads\/2024\/02\/Hotararea-AGA-BVC-nr.4-05042023.pdf\" target=\"_blank\" rel=\"noreferrer noopener\">Hot\u0103r\u00e2rea AGA nr. 4<\/a><\/p><p><a href=\"http:\/\/uamoreni.ro.c50.previewmysite.eu\/wp-content\/uploads\/2023\/05\/Hotararea-CA-nr.5-10042023.pdf\" target=\"_blank\" rel=\"noreferrer noopener\"><\/a><a href=\"http:\/\/uamoreni.ro.c50.previewmysite.eu\/wp-content\/uploads\/2024\/02\/Hotararea-CA-nr.5-10042023.pdf\" target=\"_blank\" rel=\"noreferrer noopener\">Hot\u0103r\u00e2rea AGA nr. 5 <\/a><\/p><p><a href=\"http:\/\/uamoreni.ro.c50.previewmysite.eu\/wp-content\/uploads\/2024\/02\/Hotararea-nr.6-AGA-23052023.pdf\" target=\"_blank\" rel=\"noreferrer noopener\">Hot\u0103r\u00e2rea AGA nr. 6<\/a><\/p><p><a href=\"http:\/\/uamoreni.ro.c50.previewmysite.eu\/wp-content\/uploads\/2024\/02\/Hotararea-nr.-7.pdf\" target=\"_blank\" rel=\"noreferrer noopener\">Hot\u0103r\u00e2rea AGA nr. 7<\/a><\/p><p><a href=\"http:\/\/uamoreni.ro.c50.previewmysite.eu\/wp-content\/uploads\/2024\/02\/Hotararea-AGA-nr.8-01082023.pdf\" target=\"_blank\" rel=\"noreferrer noopener\">Hot\u0103r\u00e2rea AGA nr. 8<\/a><\/p><p><a href=\"http:\/\/uamoreni.ro.c50.previewmysite.eu\/wp-content\/uploads\/2024\/02\/Hotararea-AGA-nr.9-20102023.pdf\">Hot\u0103r\u00e2rea AGA nr. 9<\/a><\/p><p><a href=\"http:\/\/uamoreni.ro\/wp-content\/uploads\/2024\/03\/Raport-cu-privire-la-remuneratii-si-alte-avantaje.pdf\" target=\"_blank\" rel=\"noreferrer noopener\">Raport cu privire la remunera\u021biile \u0219i alte avantaje acordate administratorilor \u0219i directorilor \u00een cursul anului financiar 2023<\/a><\/p><p><\/p>","protected":false},"excerpt":{"rendered":"<p>Hot\u0103r\u00e2rea AGA nr. 1 Hot\u0103r\u00e2rea AGA nr. 2 Hot\u0103r\u00e2rea AGA nr. 3 Hot\u0103r\u00e2rea AGA nr. 4 Hot\u0103r\u00e2rea AGA nr. 5 Hot\u0103r\u00e2rea AGA nr. 6 Hot\u0103r\u00e2rea AGA nr. 7 Hot\u0103r\u00e2rea AGA nr. 8 Hot\u0103r\u00e2rea AGA nr. 9 Raport cu privire la remunera\u021biile \u0219i alte avantaje acordate administratorilor \u0219i directorilor \u00een cursul anului financiar 2023<\/p>","protected":false},"author":1,"featured_media":0,"parent":0,"menu_order":0,"comment_status":"closed","ping_status":"closed","template":"","meta":{"_regular_price":[],"currency_symbol":[],"footnotes":""},"class_list":["post-889","page","type-page","status-publish","hentry"],"post_slider_layout_featured_media_urls":{"thumbnail":"","post_slider_layout_landscape_large":"","post_slider_layout_portrait_large":"","post_slider_layout_square_large":"","post_slider_layout_landscape":"","post_slider_layout_portrait":"","post_slider_layout_square":"","full":""},"_links":{"self":[{"href":"http:\/\/uamoreni.ro\/en\/wp-json\/wp\/v2\/pages\/889","targetHints":{"allow":["GET"]}}],"collection":[{"href":"http:\/\/uamoreni.ro\/en\/wp-json\/wp\/v2\/pages"}],"about":[{"href":"http:\/\/uamoreni.ro\/en\/wp-json\/wp\/v2\/types\/page"}],"author":[{"embeddable":true,"href":"http:\/\/uamoreni.ro\/en\/wp-json\/wp\/v2\/users\/1"}],"replies":[{"embeddable":true,"href":"http:\/\/uamoreni.ro\/en\/wp-json\/wp\/v2\/comments?post=889"}],"version-history":[{"count":9,"href":"http:\/\/uamoreni.ro\/en\/wp-json\/wp\/v2\/pages\/889\/revisions"}],"predecessor-version":[{"id":1113,"href":"http:\/\/uamoreni.ro\/en\/wp-json\/wp\/v2\/pages\/889\/revisions\/1113"}],"wp:attachment":[{"href":"http:\/\/uamoreni.ro\/en\/wp-json\/wp\/v2\/media?parent=889"}],"curies":[{"name":"wp","href":"https:\/\/api.w.org\/{rel}","templated":true}]}}